{"id":291,"date":"2022-11-14T19:43:37","date_gmt":"2022-11-14T19:43:37","guid":{"rendered":"https:\/\/www.swimkap.be\/?page_id=291"},"modified":"2023-12-19T15:20:50","modified_gmt":"2023-12-19T15:20:50","slug":"team","status":"publish","type":"page","link":"https:\/\/www.swimkap.be\/fr\/team\/","title":{"rendered":"Team"},"content":{"rendered":"<p>[et_pb_section fb_built=&#8221;1&#8243; _builder_version=&#8221;4.19.0&#8243; _module_preset=&#8221;default&#8221; background_color=&#8221;#dce8f6&#8243; background_enable_mask_style=&#8221;on&#8221; background_mask_style=&#8221;paint&#8221; background_mask_color=&#8221;#f4f4f4&#8243; global_colors_info=&#8221;{}&#8221;][et_pb_row _builder_version=&#8221;4.19.0&#8243; _module_preset=&#8221;default&#8221; custom_padding=&#8221;||||false|false&#8221; global_colors_info=&#8221;{}&#8221;][et_pb_column type=&#8221;4_4&#8243; _builder_version=&#8221;4.19.0&#8243; _module_preset=&#8221;default&#8221; global_colors_info=&#8221;{}&#8221;][et_pb_text _builder_version=&#8221;4.19.0&#8243; _module_preset=&#8221;default&#8221; custom_margin=&#8221;||0px||false|false&#8221; custom_padding=&#8221;||||false|false&#8221; global_colors_info=&#8221;{}&#8221;]<\/p>\n<h1>Team<\/h1>\n<p>[\/et_pb_text][\/et_pb_column][\/et_pb_row][et_pb_row column_structure=&#8221;1_3,1_3,1_3&#8243; _builder_version=&#8221;4.19.0&#8243; _module_preset=&#8221;default&#8221; custom_margin=&#8221;||||false|false&#8221; custom_padding=&#8221;0px||||false|false&#8221; global_colors_info=&#8221;{}&#8221;][et_pb_column type=&#8221;1_3&#8243; _builder_version=&#8221;4.19.0&#8243; _module_preset=&#8221;default&#8221; global_colors_info=&#8221;{}&#8221;][et_pb_team_member name=&#8221;David Hermans&#8221; image_url=&#8221;https:\/\/www.swimkap.be\/wp-content\/uploads\/2022\/11\/david.jpg&#8221; _builder_version=&#8221;4.19.2&#8243; _module_preset=&#8221;default&#8221; background_color=&#8221;#FFFFFF&#8221; custom_padding=&#8221;10px|10px|10px|10px|false|false&#8221; box_shadow_style=&#8221;preset2&#8243; global_colors_info=&#8221;{}&#8221;]<\/p>\n<p>&nbsp;<\/p>\n<p>David Hermans is lid van Swimkap sinds 2017. In 1996 startte David zelf als triatleet met o.a. deelname aan de Jeugdcup en het sterk bezette Lotto Superprestige circuit in de kleuren van Haspengouwse triatlonclub uit Landen, toen \u00e9\u00e9n van de toonaangevende clubs in Belgi\u00eb.<\/p>\n<p>In 2007 organiseerde hij, nadat Eternit was opgehouden met de organisatie, als manusje-van-alles opnieuw de kwarttriatlon van Kapelle-op-den-Bos. In 2013 kwam er zijn fietsenzaak Ecoroad op het marktplein van Kapelle-op-den-Bos.\u00a0<\/p>\n<p>&nbsp;<\/p>\n<p>[\/et_pb_team_member][\/et_pb_column][et_pb_column type=&#8221;1_3&#8243; _builder_version=&#8221;4.19.0&#8243; _module_preset=&#8221;default&#8221; global_colors_info=&#8221;{}&#8221;][et_pb_team_member name=&#8221;Eddy Teirbrood&#8221; image_url=&#8221;https:\/\/www.swimkap.be\/wp-content\/uploads\/2023\/12\/Eddy.jpg&#8221; _builder_version=&#8221;4.23.1&#8243; _module_preset=&#8221;default&#8221; background_color=&#8221;#FFFFFF&#8221; custom_padding=&#8221;10px|10px|10px|10px|false|false&#8221; hover_enabled=&#8221;0&#8243; box_shadow_style=&#8221;preset2&#8243; global_colors_info=&#8221;{}&#8221; theme_builder_area=&#8221;post_content&#8221; title_text=&#8221;Eddy&#8221; sticky_enabled=&#8221;0&#8243;]<\/p>\n<p>&nbsp;<\/p>\n<p>Eddy, de rots in de branding binnen het bestuur van Swimkap.<\/p>\n<p>&nbsp;<\/p>\n<p>[\/et_pb_team_member][\/et_pb_column][et_pb_column type=&#8221;1_3&#8243; _builder_version=&#8221;4.19.0&#8243; _module_preset=&#8221;default&#8221; global_colors_info=&#8221;{}&#8221;][et_pb_team_member name=&#8221;Tim Hermans&#8221; _builder_version=&#8221;4.23.1&#8243; _module_preset=&#8221;default&#8221; background_color=&#8221;#FFFFFF&#8221; custom_padding=&#8221;10px|10px|10px|10px|false|false&#8221; hover_enabled=&#8221;0&#8243; box_shadow_style=&#8221;preset2&#8243; global_colors_info=&#8221;{}&#8221; theme_builder_area=&#8221;post_content&#8221; sticky_enabled=&#8221;0&#8243;]<\/p>\n<p>&nbsp;<\/p>\n<p>Tim Hermans startte samen met zijn broer David zelf als triatleet met o.a. deelname aan de Jeugdcup en het sterk bezette Lotto Superprestige circuit in de kleuren van Haspengouwse triatlonclub uit Landen, toen \u00e9\u00e9n van de toonaangevende clubs in Belgi\u00eb.<\/p>\n<p>&nbsp;<\/p>\n<p>[\/et_pb_team_member][\/et_pb_column][\/et_pb_row][\/et_pb_section]<\/p>\n","protected":false},"excerpt":{"rendered":"<p>Team&nbsp; David Hermans is lid van Swimkap sinds 2017. In 1996 startte David zelf als triatleet met o.a. deelname aan de Jeugdcup en het sterk bezette Lotto Superprestige circuit in de kleuren van Haspengouwse triatlonclub uit Landen, toen \u00e9\u00e9n van de toonaangevende clubs in Belgi\u00eb. In 2007 organiseerde hij, nadat Eternit was opgehouden met de organisatie, als manusje-van-alles opnieuw de kwarttriatlon van Kapelle-op-den-Bos. In 2013 kwam er zijn fietsenzaak Ecoroad op het marktplein van Kapelle-op-den-Bos.\u00a0 &nbsp;&nbsp; Eddy, de rots in de branding binnen het bestuur van Swimkap. &nbsp;&nbsp; Tim Hermans startte samen met zijn broer David zelf als triatleet met o.a. deelname aan de Jeugdcup en het sterk bezette Lotto Superprestige circuit in de kleuren van Haspengouwse triatlonclub uit Landen, toen \u00e9\u00e9n van de toonaangevende clubs in Belgi\u00eb. &nbsp;<\/p>","protected":false},"author":1,"featured_media":0,"parent":0,"menu_order":0,"comment_status":"closed","ping_status":"closed","template":"","meta":{"_et_pb_use_builder":"on","_et_pb_old_content":"","_et_gb_content_width":"","footnotes":""},"class_list":["post-291","page","type-page","status-publish","hentry"],"aioseo_notices":[],"_links":{"self":[{"href":"https:\/\/www.swimkap.be\/fr\/wp-json\/wp\/v2\/pages\/291","targetHints":{"allow":["GET"]}}],"collection":[{"href":"https:\/\/www.swimkap.be\/fr\/wp-json\/wp\/v2\/pages"}],"about":[{"href":"https:\/\/www.swimkap.be\/fr\/wp-json\/wp\/v2\/types\/page"}],"author":[{"embeddable":true,"href":"https:\/\/www.swimkap.be\/fr\/wp-json\/wp\/v2\/users\/1"}],"replies":[{"embeddable":true,"href":"https:\/\/www.swimkap.be\/fr\/wp-json\/wp\/v2\/comments?post=291"}],"version-history":[{"count":0,"href":"https:\/\/www.swimkap.be\/fr\/wp-json\/wp\/v2\/pages\/291\/revisions"}],"wp:attachment":[{"href":"https:\/\/www.swimkap.be\/fr\/wp-json\/wp\/v2\/media?parent=291"}],"curies":[{"name":"wp","href":"https:\/\/api.w.org\/{rel}","templated":true}]}}